{"id":61,"date":"2022-10-31T23:25:36","date_gmt":"2022-10-31T22:25:36","guid":{"rendered":"http:\/\/xtratheme.com\/camping-adventures\/?page_id=61"},"modified":"2024-09-27T13:34:51","modified_gmt":"2024-09-27T11:34:51","slug":"kontakt","status":"publish","type":"page","link":"https:\/\/pmk-coueron.eu\/index.php\/kontakt\/","title":{"rendered":"Kontakt\/Contact"},"content":{"rendered":"\t\t<div data-elementor-type=\"wp-page\" data-elementor-id=\"61\" class=\"elementor elementor-61\">\n\t\t\t\t\t\t<section class=\"elementor-section elementor-top-section elementor-element elementor-element-c1effca elementor-section-boxed elementor-section-height-default elementor-section-height-default\" data-id=\"c1effca\" data-element_type=\"section\" data-e-type=\"section\">\n\t\t\t\t\t\t<div class=\"elementor-container elementor-column-gap-default\">\n\t\t\t\t\t<div class=\"elementor-column elementor-col-100 elementor-top-column elementor-element elementor-element-3903d71\" data-id=\"3903d71\" data-element_type=\"column\" data-e-type=\"column\">\n\t\t\t<div class=\"elementor-widget-wrap elementor-element-populated\">\n\t\t\t\t\t\t<div class=\"elementor-element elementor-element-d948419 elementor-widget elementor-widget-heading\" data-id=\"d948419\" data-element_type=\"widget\" data-e-type=\"widget\" data-widget_type=\"heading.default\">\n\t\t\t\t<div class=\"elementor-widget-container\">\n\t\t\t\t\t<h2 class=\"elementor-heading-title elementor-size-default\">Kontakt<\/h2>\t\t\t\t<\/div>\n\t\t\t\t<\/div>\n\t\t\t\t\t<\/div>\n\t\t<\/div>\n\t\t\t\t\t<\/div>\n\t\t<\/section>\n\t\t\t\t<section class=\"elementor-section elementor-top-section elementor-element elementor-element-5d5470e elementor-section-boxed elementor-section-height-default elementor-section-height-default\" data-id=\"5d5470e\" data-element_type=\"section\" data-e-type=\"section\">\n\t\t\t\t\t\t<div class=\"elementor-container elementor-column-gap-default\">\n\t\t\t\t\t<div class=\"elementor-column elementor-col-50 elementor-top-column elementor-element elementor-element-81b2de5\" data-id=\"81b2de5\" data-element_type=\"column\" data-e-type=\"column\">\n\t\t\t<div class=\"elementor-widget-wrap elementor-element-populated\">\n\t\t\t\t\t\t<div class=\"elementor-element elementor-element-41c605b elementor-widget__width-initial elementor-widget elementor-widget-text-editor\" data-id=\"41c605b\" data-element_type=\"widget\" data-e-type=\"widget\" data-widget_type=\"text-editor.default\">\n\t\t\t\t<div class=\"elementor-widget-container\">\n\t\t\t\t\t\t\t\t\t<p><strong>Proboszcz \/ C<span class=\"Y2IQFc\" lang=\"fr\">ur\u00e9 de la paroisse :<\/span><\/strong><\/p><p><strong>Ks. \u0141ukasz Br\u0105giel<\/strong><\/p><p>Tel (FR) : +33 7 60 77 87 84<\/p><p>Tel (PL) : +48 664 455 485<\/p><p>E-mail : lubrag@o2.pl<\/p><div>\u00a0<\/div><div>\u00a0<\/div>\t\t\t\t\t\t\t\t<\/div>\n\t\t\t\t<\/div>\n\t\t\t\t\t<\/div>\n\t\t<\/div>\n\t\t\t\t<div class=\"elementor-column elementor-col-50 elementor-top-column elementor-element elementor-element-1e7138f\" data-id=\"1e7138f\" data-element_type=\"column\" data-e-type=\"column\">\n\t\t\t<div class=\"elementor-widget-wrap elementor-element-populated\">\n\t\t\t\t\t\t<div class=\"elementor-element elementor-element-aa736e5 elementor-widget elementor-widget-text-editor\" data-id=\"aa736e5\" data-element_type=\"widget\" data-e-type=\"widget\" data-widget_type=\"text-editor.default\">\n\t\t\t\t<div class=\"elementor-widget-container\">\n\t\t\t\t\t\t\t\t\t<p><strong>Ko\u015bci\u00f3\u0142 Matki Bozej Mi\u0142osierdzia<\/strong> \/ <strong>\u00c9glise Notre Dame de Mis\u00e9ricorde :<\/strong><\/p><p>48 Rue de la Fr\u00e9mondi\u00e8re, 44220 Cou\u00ebron<\/p><p><strong>Plebania i sala parafialna<\/strong> \/<span class=\"Y2IQFc\" lang=\"fr\"><strong>Presbyt\u00e8re et salle paroissiale :<\/strong> <br \/><\/span><\/p><p>38 Rue d&#8217;Envalira, 44220 Cou\u00ebron<\/p>\t\t\t\t\t\t\t\t<\/div>\n\t\t\t\t<\/div>\n\t\t\t\t\t<\/div>\n\t\t<\/div>\n\t\t\t\t\t<\/div>\n\t\t<\/section>\n\t\t\t\t<\/div>\n\t\t","protected":false},"excerpt":{"rendered":"<p>Kontakt Proboszcz \/ Cur\u00e9 de la paroisse : Ks. \u0141ukasz Br\u0105giel &#8230; <\/p>\n","protected":false},"author":1,"featured_media":0,"parent":0,"menu_order":0,"comment_status":"closed","ping_status":"closed","template":"","meta":{"_themeisle_gutenberg_block_has_review":false,"footnotes":""},"class_list":["post-61","page","type-page","status-publish","hentry"],"_links":{"self":[{"href":"https:\/\/pmk-coueron.eu\/index.php\/wp-json\/wp\/v2\/pages\/61","targetHints":{"allow":["GET"]}}],"collection":[{"href":"https:\/\/pmk-coueron.eu\/index.php\/wp-json\/wp\/v2\/pages"}],"about":[{"href":"https:\/\/pmk-coueron.eu\/index.php\/wp-json\/wp\/v2\/types\/page"}],"author":[{"embeddable":true,"href":"https:\/\/pmk-coueron.eu\/index.php\/wp-json\/wp\/v2\/users\/1"}],"replies":[{"embeddable":true,"href":"https:\/\/pmk-coueron.eu\/index.php\/wp-json\/wp\/v2\/comments?post=61"}],"version-history":[{"count":30,"href":"https:\/\/pmk-coueron.eu\/index.php\/wp-json\/wp\/v2\/pages\/61\/revisions"}],"predecessor-version":[{"id":1991,"href":"https:\/\/pmk-coueron.eu\/index.php\/wp-json\/wp\/v2\/pages\/61\/revisions\/1991"}],"wp:attachment":[{"href":"https:\/\/pmk-coueron.eu\/index.php\/wp-json\/wp\/v2\/media?parent=61"}],"curies":[{"name":"wp","href":"https:\/\/api.w.org\/{rel}","templated":true}]}}