{"id":895,"date":"2022-11-01T18:57:18","date_gmt":"2022-11-01T17:57:18","guid":{"rendered":"https:\/\/pmk-coueron.eu\/?page_id=895"},"modified":"2025-10-06T14:12:13","modified_gmt":"2025-10-06T12:12:13","slug":"angers","status":"publish","type":"page","link":"https:\/\/pmk-coueron.eu\/index.php\/angers\/","title":{"rendered":"Angers"},"content":{"rendered":"\t\t<div data-elementor-type=\"wp-page\" data-elementor-id=\"895\" class=\"elementor elementor-895\">\n\t\t\t\t\t\t<section class=\"elementor-section elementor-top-section elementor-element elementor-element-ac1d65b elementor-section-boxed elementor-section-height-default elementor-section-height-default\" data-id=\"ac1d65b\" data-element_type=\"section\" data-e-type=\"section\">\n\t\t\t\t\t\t<div class=\"elementor-container elementor-column-gap-default\">\n\t\t\t\t\t<div class=\"elementor-column elementor-col-100 elementor-top-column elementor-element elementor-element-7a95b0d0\" data-id=\"7a95b0d0\" data-element_type=\"column\" data-e-type=\"column\">\n\t\t\t<div class=\"elementor-widget-wrap elementor-element-populated\">\n\t\t\t\t\t\t<div class=\"elementor-element elementor-element-25074384 elementor-widget elementor-widget-text-editor\" data-id=\"25074384\" data-element_type=\"widget\" data-e-type=\"widget\" data-widget_type=\"text-editor.default\">\n\t\t\t\t<div class=\"elementor-widget-container\">\n\t\t\t\t\t\t\t\t\t<p>Msze odprawiane s\u0105 w czwarte niedziele miesi\u0105ca o godz. 16:00 w kaplicy przy domu parafialnym Paroisse Saint Joseph 27 Rue Saint-Joseph, 49100 Angers.<\/p>\n<div dir=\"ltr\"><span class=\"HwtZe\" lang=\"fr\"><span class=\"jCAhz ChMk0b\"><span class=\"ryNqvb\">Les messes sont c\u00e9l\u00e9br\u00e9es le quatri\u00e8me dimanche du mois \u00e0 16h00 \u00e0 la chapelle de la Maison Paroissiale Saint Joseph, 27 Rue Saint-Joseph, 49100 Angers.<\/span><\/span><\/span><\/div>\n<div dir=\"ltr\">\u00a0<\/div>\n<p>Strona Parafii <a href=\"https:\/\/saintjoseph.diocese49.org\/\" target=\"_blank\" rel=\"noopener\" data-saferedirecturl=\"https:\/\/www.google.com\/url?q=https:\/\/saintjoseph.diocese49.org\/&amp;source=gmail&amp;ust=1727544250915000&amp;usg=AOvVaw2NGJt15BjZn-XweTZVaANz\">Paroisse Saint-Joseph<\/a> <br \/>Strona Diecezji Angers <a href=\"https:\/\/diocese49.org\/\" target=\"_blank\" rel=\"noopener\" data-saferedirecturl=\"https:\/\/www.google.com\/url?q=https:\/\/diocese49.org\/&amp;source=gmail&amp;ust=1727544250915000&amp;usg=AOvVaw3-OkJ85E9ZFpZ6zxWyA_o_\">Portail du dioc\u00e8se d\u2019Angers<\/a><\/p>\n<!-- \/wp:paragraph --><!-- wp:themeisle-blocks\/advanced-columns {\"id\":\"wp-block-themeisle-blocks-advanced-columns-34acc77c\",\"columns\":1,\"layout\":\"equal\",\"className\":\"\"} -->\n<div id=\"wp-block-themeisle-blocks-advanced-columns-34acc77c\" class=\"wp-block-themeisle-blocks-advanced-columns has-1-columns has-desktop-equal-layout has-tablet-equal-layout has-mobile-equal-layout has-vertical-unset\">\n<div class=\"innerblocks-wrap\"><!-- wp:themeisle-blocks\/advanced-column {\"id\":\"wp-block-themeisle-blocks-advanced-column-b7430b85\",\"columnWidth\":\"100\",\"className\":\"\"} --><!-- \/wp:themeisle-blocks\/advanced-column --><\/div>\n<\/div>\n<!-- \/wp:themeisle-blocks\/advanced-columns --><!-- wp:gallery {\"linkTo\":\"none\"} -->\n<figure class=\"wp-block-gallery has-nested-images columns-default is-cropped\"><!-- wp:image {\"id\":1715,\"sizeSlug\":\"large\",\"linkDestination\":\"none\"} -->\n<figure class=\"wp-block-image size-large\"><img fetchpriority=\"high\" decoding=\"async\" width=\"868\" height=\"502\" class=\"wp-image-1715\" src=\"https:\/\/pmk-coueron.eu\/wp-content\/uploads\/2023\/06\/A1.jpg\" alt=\"\" srcset=\"https:\/\/pmk-coueron.eu\/wp-content\/uploads\/2023\/06\/A1.jpg 868w, https:\/\/pmk-coueron.eu\/wp-content\/uploads\/2023\/06\/A1-300x174.jpg 300w, https:\/\/pmk-coueron.eu\/wp-content\/uploads\/2023\/06\/A1-768x444.jpg 768w, https:\/\/pmk-coueron.eu\/wp-content\/uploads\/2023\/06\/A1-600x347.jpg 600w\" sizes=\"(max-width: 868px) 100vw, 868px\" \/><\/figure>\n<!-- \/wp:image --><!-- wp:image {\"id\":1713,\"sizeSlug\":\"large\",\"linkDestination\":\"none\"} -->\n<figure class=\"wp-block-image size-large\"><img decoding=\"async\" width=\"931\" height=\"555\" class=\"wp-image-1713\" src=\"https:\/\/pmk-coueron.eu\/wp-content\/uploads\/2023\/06\/A2.jpg\" alt=\"\" srcset=\"https:\/\/pmk-coueron.eu\/wp-content\/uploads\/2023\/06\/A2.jpg 931w, https:\/\/pmk-coueron.eu\/wp-content\/uploads\/2023\/06\/A2-300x179.jpg 300w, https:\/\/pmk-coueron.eu\/wp-content\/uploads\/2023\/06\/A2-768x458.jpg 768w, https:\/\/pmk-coueron.eu\/wp-content\/uploads\/2023\/06\/A2-600x358.jpg 600w\" sizes=\"(max-width: 931px) 100vw, 931px\" \/><\/figure>\n<!-- \/wp:image --><!-- wp:image {\"id\":1714,\"sizeSlug\":\"large\",\"linkDestination\":\"none\"} -->\n<figure class=\"wp-block-image size-large\"><img decoding=\"async\" width=\"826\" height=\"484\" class=\"wp-image-1714\" src=\"https:\/\/pmk-coueron.eu\/wp-content\/uploads\/2023\/06\/A3.jpg\" alt=\"\" srcset=\"https:\/\/pmk-coueron.eu\/wp-content\/uploads\/2023\/06\/A3.jpg 826w, https:\/\/pmk-coueron.eu\/wp-content\/uploads\/2023\/06\/A3-300x176.jpg 300w, https:\/\/pmk-coueron.eu\/wp-content\/uploads\/2023\/06\/A3-768x450.jpg 768w, https:\/\/pmk-coueron.eu\/wp-content\/uploads\/2023\/06\/A3-600x352.jpg 600w\" sizes=\"(max-width: 826px) 100vw, 826px\" \/><\/figure>\n<!-- \/wp:image --><!-- wp:image {\"id\":1711,\"sizeSlug\":\"large\",\"linkDestination\":\"none\"} -->\n<figure class=\"wp-block-image size-large\"><img loading=\"lazy\" decoding=\"async\" width=\"788\" height=\"443\" class=\"wp-image-1711\" src=\"https:\/\/pmk-coueron.eu\/wp-content\/uploads\/2023\/06\/A4.jpg\" alt=\"\" srcset=\"https:\/\/pmk-coueron.eu\/wp-content\/uploads\/2023\/06\/A4.jpg 788w, https:\/\/pmk-coueron.eu\/wp-content\/uploads\/2023\/06\/A4-300x169.jpg 300w, https:\/\/pmk-coueron.eu\/wp-content\/uploads\/2023\/06\/A4-768x432.jpg 768w, https:\/\/pmk-coueron.eu\/wp-content\/uploads\/2023\/06\/A4-600x337.jpg 600w\" sizes=\"(max-width: 788px) 100vw, 788px\" \/><\/figure>\n<!-- \/wp:image --><!-- wp:image {\"id\":1709,\"sizeSlug\":\"large\",\"linkDestination\":\"none\"} -->\n<figure class=\"wp-block-image size-large\"><img loading=\"lazy\" decoding=\"async\" width=\"788\" height=\"443\" class=\"wp-image-1709\" src=\"https:\/\/pmk-coueron.eu\/wp-content\/uploads\/2023\/06\/A5.jpg\" alt=\"\" srcset=\"https:\/\/pmk-coueron.eu\/wp-content\/uploads\/2023\/06\/A5.jpg 788w, https:\/\/pmk-coueron.eu\/wp-content\/uploads\/2023\/06\/A5-300x169.jpg 300w, https:\/\/pmk-coueron.eu\/wp-content\/uploads\/2023\/06\/A5-768x432.jpg 768w, https:\/\/pmk-coueron.eu\/wp-content\/uploads\/2023\/06\/A5-600x337.jpg 600w\" sizes=\"(max-width: 788px) 100vw, 788px\" \/><\/figure>\n<!-- \/wp:image --><!-- wp:image {\"id\":1710,\"sizeSlug\":\"large\",\"linkDestination\":\"none\"} -->\n<figure class=\"wp-block-image size-large\"><img loading=\"lazy\" decoding=\"async\" width=\"1024\" height=\"712\" class=\"wp-image-1710\" src=\"https:\/\/pmk-coueron.eu\/wp-content\/uploads\/2023\/06\/A6-1024x712.jpg\" alt=\"\" srcset=\"https:\/\/pmk-coueron.eu\/wp-content\/uploads\/2023\/06\/A6-1024x712.jpg 1024w, https:\/\/pmk-coueron.eu\/wp-content\/uploads\/2023\/06\/A6-300x209.jpg 300w, https:\/\/pmk-coueron.eu\/wp-content\/uploads\/2023\/06\/A6-768x534.jpg 768w, https:\/\/pmk-coueron.eu\/wp-content\/uploads\/2023\/06\/A6-1536x1068.jpg 1536w, https:\/\/pmk-coueron.eu\/wp-content\/uploads\/2023\/06\/A6-600x417.jpg 600w, https:\/\/pmk-coueron.eu\/wp-content\/uploads\/2023\/06\/A6.jpg 1704w\" sizes=\"(max-width: 1024px) 100vw, 1024px\" \/><\/figure>\n<!-- \/wp:image --><!-- wp:image {\"id\":1712,\"sizeSlug\":\"large\",\"linkDestination\":\"none\"} -->\n<figure class=\"wp-block-image size-large\"><img loading=\"lazy\" decoding=\"async\" width=\"788\" height=\"443\" class=\"wp-image-1712\" src=\"https:\/\/pmk-coueron.eu\/wp-content\/uploads\/2023\/06\/A7.jpg\" alt=\"\" srcset=\"https:\/\/pmk-coueron.eu\/wp-content\/uploads\/2023\/06\/A7.jpg 788w, https:\/\/pmk-coueron.eu\/wp-content\/uploads\/2023\/06\/A7-300x169.jpg 300w, https:\/\/pmk-coueron.eu\/wp-content\/uploads\/2023\/06\/A7-768x432.jpg 768w, https:\/\/pmk-coueron.eu\/wp-content\/uploads\/2023\/06\/A7-600x337.jpg 600w\" sizes=\"(max-width: 788px) 100vw, 788px\" \/><\/figure>\n<!-- \/wp:image --><\/figure>\n<!-- \/wp:gallery -->\t\t\t\t\t\t\t\t<\/div>\n\t\t\t\t<\/div>\n\t\t\t\t\t<\/div>\n\t\t<\/div>\n\t\t\t\t\t<\/div>\n\t\t<\/section>\n\t\t\t\t<\/div>\n\t\t","protected":false},"excerpt":{"rendered":"<p>Msze odprawiane s\u0105 w czwarte niedziele miesi\u0105ca o godz. 16:00 w &#8230; <\/p>\n","protected":false},"author":1,"featured_media":0,"parent":0,"menu_order":0,"comment_status":"closed","ping_status":"closed","template":"","meta":{"_themeisle_gutenberg_block_has_review":false,"footnotes":""},"class_list":["post-895","page","type-page","status-publish","hentry"],"_links":{"self":[{"href":"https:\/\/pmk-coueron.eu\/index.php\/wp-json\/wp\/v2\/pages\/895","targetHints":{"allow":["GET"]}}],"collection":[{"href":"https:\/\/pmk-coueron.eu\/index.php\/wp-json\/wp\/v2\/pages"}],"about":[{"href":"https:\/\/pmk-coueron.eu\/index.php\/wp-json\/wp\/v2\/types\/page"}],"author":[{"embeddable":true,"href":"https:\/\/pmk-coueron.eu\/index.php\/wp-json\/wp\/v2\/users\/1"}],"replies":[{"embeddable":true,"href":"https:\/\/pmk-coueron.eu\/index.php\/wp-json\/wp\/v2\/comments?post=895"}],"version-history":[{"count":24,"href":"https:\/\/pmk-coueron.eu\/index.php\/wp-json\/wp\/v2\/pages\/895\/revisions"}],"predecessor-version":[{"id":2316,"href":"https:\/\/pmk-coueron.eu\/index.php\/wp-json\/wp\/v2\/pages\/895\/revisions\/2316"}],"wp:attachment":[{"href":"https:\/\/pmk-coueron.eu\/index.php\/wp-json\/wp\/v2\/media?parent=895"}],"curies":[{"name":"wp","href":"https:\/\/api.w.org\/{rel}","templated":true}]}}